{"id":92,"date":"2016-10-01T02:30:37","date_gmt":"2016-09-30T23:30:37","guid":{"rendered":"http:\/\/cyberpoliticsconference.org\/?page_id=92"},"modified":"2024-08-23T10:04:44","modified_gmt":"2024-08-23T07:04:44","slug":"venue","status":"publish","type":"page","link":"https:\/\/cyberpoliticsconference.org\/index.php\/venue\/","title":{"rendered":"Venue"},"content":{"rendered":"\n<h5 class=\"wp-block-heading\"><\/h5>\n\n\n\n<p><\/p>\n\n\n\n<p>K\u0131t\u0131lb\u0131l, 21280 Sur\/Diyarbak\u0131r, T\u00fcrkiye<\/p>\n\n\n\n<p><a href=\"https:\/\/www.google.com\/maps\/place\/D\u0130CLE+\u00dcN\u0130VERS\u0130TES\u0130+15+TEMMUZ+K\u00dcLT\u00dcR+VE+KONGRE+MERKEZ\u0130\/@37.9149483,40.2102782,12z\/data=!4m6!3m5!1s0x407521a0fc7d1423:0x3ab91befee150994!8m2!3d37.9176568!4d40.2786423!16s%2Fg%2F11s3xk92nz?entry=ttu&amp;g_ep=EgoyMDI0MDgyMC4xIKXMDSoASAFQAw%3D%3D\" target=\"_blank\" rel=\"noreferrer noopener\">Click Here to See Conference Location on Google Maps<\/a><\/p>\n","protected":false},"excerpt":{"rendered":"<p>K\u0131t\u0131lb\u0131l, 21280 Sur\/Diyarbak\u0131r, T\u00fcrkiye Click Here to See Conference Location on Google Maps<\/p>\n","protected":false},"author":1,"featured_media":0,"parent":0,"menu_order":0,"comment_status":"closed","ping_status":"closed","template":"","meta":{"footnotes":""},"class_list":["post-92","page","type-page","status-publish","hentry"],"_links":{"self":[{"href":"https:\/\/cyberpoliticsconference.org\/index.php\/wp-json\/wp\/v2\/pages\/92","targetHints":{"allow":["GET"]}}],"collection":[{"href":"https:\/\/cyberpoliticsconference.org\/index.php\/wp-json\/wp\/v2\/pages"}],"about":[{"href":"https:\/\/cyberpoliticsconference.org\/index.php\/wp-json\/wp\/v2\/types\/page"}],"author":[{"embeddable":true,"href":"https:\/\/cyberpoliticsconference.org\/index.php\/wp-json\/wp\/v2\/users\/1"}],"replies":[{"embeddable":true,"href":"https:\/\/cyberpoliticsconference.org\/index.php\/wp-json\/wp\/v2\/comments?post=92"}],"version-history":[{"count":11,"href":"https:\/\/cyberpoliticsconference.org\/index.php\/wp-json\/wp\/v2\/pages\/92\/revisions"}],"predecessor-version":[{"id":973,"href":"https:\/\/cyberpoliticsconference.org\/index.php\/wp-json\/wp\/v2\/pages\/92\/revisions\/973"}],"wp:attachment":[{"href":"https:\/\/cyberpoliticsconference.org\/index.php\/wp-json\/wp\/v2\/media?parent=92"}],"curies":[{"name":"wp","href":"https:\/\/api.w.org\/{rel}","templated":true}]}}