{"id":85,"date":"2016-10-01T02:29:09","date_gmt":"2016-09-30T23:29:09","guid":{"rendered":"http:\/\/cyberpoliticsconference.org\/?page_id=85"},"modified":"2023-06-08T08:09:11","modified_gmt":"2023-06-08T05:09:11","slug":"international-advisory-committee","status":"publish","type":"page","link":"https:\/\/cyberpoliticsconference.org\/index.php\/international-advisory-committee\/","title":{"rendered":"International Scientific Committee"},"content":{"rendered":"<p><strong>International Scientific Committee<\/strong><\/p>\n<p>Prof. Michael Freeman (University of Essex) (UK)<\/p>\n<p>Prof. H\u00fcseyin Ba\u011fc\u0131 (Middle East Technical University) ( Turkey)<\/p>\n<p>Prof.Dr. Ramazan\u00a0 G\u00f6zen (Marmara University)(Turkey)<\/p>\n<p>Assoc.Prof. Amal Alhosban (Michingan university -Flint) (USA)<\/p>\n<p>Prof. Dr. Mohd Ikbal Abdul Wahab ( International Islamic University of Malaysia)( Malaysia)<\/p>\n<p>Assoc. Prof. I\u015f\u0131l Bilici, (\u0130stanbul Medeniyet University) (Turkey)<\/p>\n<p>Prof. Dr. Farid Suhaib ( International Islamic University of Malaysia) ( Malaysia)<\/p>\n<p>Prof Mehmet Asutay ( University of Durham)(UK)<\/p>\n<p>Assoc.Prof. \u0130dris Demir (\u0130stanbul Medeniyet University) (Turkey)<\/p>\n<p>Prof. F. Javier D. Revorio\u00a0 (University Lamacha Toledo)(Spain)<\/p>\n<p>Prof. Marjolein van den Brink (Netherland)<\/p>\n","protected":false},"excerpt":{"rendered":"<p>International Scientific Committee Prof. Michael Freeman (University of Essex) (UK) Prof. H\u00fcseyin Ba\u011fc\u0131 (Middle East Technical University) ( Turkey) Prof.Dr. Ramazan\u00a0 G\u00f6zen (Marmara University)(Turkey) Assoc.Prof. Amal Alhosban (Michingan university -Flint) (USA) Prof. Dr. Mohd Ikbal Abdul Wahab ( International Islamic&hellip; <\/p>\n","protected":false},"author":1,"featured_media":0,"parent":0,"menu_order":0,"comment_status":"closed","ping_status":"closed","template":"","meta":{"footnotes":""},"class_list":["post-85","page","type-page","status-publish","hentry"],"_links":{"self":[{"href":"https:\/\/cyberpoliticsconference.org\/index.php\/wp-json\/wp\/v2\/pages\/85","targetHints":{"allow":["GET"]}}],"collection":[{"href":"https:\/\/cyberpoliticsconference.org\/index.php\/wp-json\/wp\/v2\/pages"}],"about":[{"href":"https:\/\/cyberpoliticsconference.org\/index.php\/wp-json\/wp\/v2\/types\/page"}],"author":[{"embeddable":true,"href":"https:\/\/cyberpoliticsconference.org\/index.php\/wp-json\/wp\/v2\/users\/1"}],"replies":[{"embeddable":true,"href":"https:\/\/cyberpoliticsconference.org\/index.php\/wp-json\/wp\/v2\/comments?post=85"}],"version-history":[{"count":13,"href":"https:\/\/cyberpoliticsconference.org\/index.php\/wp-json\/wp\/v2\/pages\/85\/revisions"}],"predecessor-version":[{"id":908,"href":"https:\/\/cyberpoliticsconference.org\/index.php\/wp-json\/wp\/v2\/pages\/85\/revisions\/908"}],"wp:attachment":[{"href":"https:\/\/cyberpoliticsconference.org\/index.php\/wp-json\/wp\/v2\/media?parent=85"}],"curies":[{"name":"wp","href":"https:\/\/api.w.org\/{rel}","templated":true}]}}