{"id":83,"date":"2016-10-01T02:28:49","date_gmt":"2016-09-30T23:28:49","guid":{"rendered":"http:\/\/cyberpoliticsconference.org\/?page_id=83"},"modified":"2025-10-05T21:06:56","modified_gmt":"2025-10-05T18:06:56","slug":"conference-committee","status":"publish","type":"page","link":"https:\/\/cyberpoliticsconference.org\/index.php\/conference-committee\/","title":{"rendered":"Organizing Committee"},"content":{"rendered":"<p><strong>Organizing Committee<\/strong><\/p>\n<p>Professor Bilal Sambur (Y\u0131ld\u0131r\u0131m Beyaz\u0131t University, Ankara) Turkey<\/p>\n<p>Prof. Dr. Renata Podgorzanska ( University of Szczecin)(Poland)<\/p>\n<p>Assist. Prof.Dr. \u00d6mer Erg\u00fcn (Dicle University-Diyarbak\u0131r)(Turkey)<\/p>\n<p>Prof.Dr. Sandra Thompson ( University of Houston)(USA)<\/p>\n<p>Prof. Dr. Hamza Ate\u015f ( \u0130stanbul Medeniyet University) (Turkey)<\/p>\n<p>Prof.Dr. Anita Adamczyk (Adam Mickiewicz University)(Poland)<\/p>\n<p>Prof. Marco Ventura(Universita d\u0131 Siena) (Italy)<\/p>\n<p>Prof. Dr. Malgorzata Kamola-Cieslik (University os Szczecin)(Poland)<\/p>\n<p>Prof. Pardis Moslemzadeh Tehrani ( University of Malaya) ( Malaysia)<\/p>\n<p>Prof. Dr. Tahir Murato\u011flu(Dicle University-Diyarbak\u0131r)(Turkey)<\/p>\n<p>Assist. Prof. Dr. Vanessa Tinker (Collegium Civitas)(Poland)<\/p>\n<p>Assist. Prof. Dr. \u0130smail Y\u0131ld\u0131z(Dicle University-Diyarbak\u0131r)(Turkey)<\/p>\n<p>Dr. Wojciech Grabowski ( Institute of Political Science, University of Gda\u0144sk)(Poland)<\/p>\n<p>Prof. Javaid Rehman\u00a0 (SOAS, University of London) (UK)<\/p>\n<p>Prof. Dr. Fuad Jomma ( University of Szczecin)(Poland)<\/p>\n<p>Prof.Dr. Fatih Mang\u0131r (Sel\u00e7uk University, Turkey)<\/p>\n<p>Assist. Prof. Murat T\u00fcmay ( School of Law, Istanbul Medeniyet University) (Turkey)<\/p>\n<p>Dr. Carla Buckley (School of Law, University of Nottingham) (UK)<\/p>\n<p>Prof. Dr. Marek Gorka (Koszalin University of Technology)(Poland)<\/p>\n","protected":false},"excerpt":{"rendered":"<p>Organizing Committee Professor Bilal Sambur (Y\u0131ld\u0131r\u0131m Beyaz\u0131t University, Ankara) Turkey Prof. Dr. Renata Podgorzanska ( University of Szczecin)(Poland) Assist. Prof.Dr. \u00d6mer Erg\u00fcn (Dicle University-Diyarbak\u0131r)(Turkey) Prof.Dr. Sandra Thompson ( University of Houston)(USA) Prof. Dr. Hamza Ate\u015f ( \u0130stanbul Medeniyet University) (Turkey)&hellip; <\/p>\n","protected":false},"author":1,"featured_media":0,"parent":0,"menu_order":0,"comment_status":"closed","ping_status":"closed","template":"","meta":{"footnotes":""},"class_list":["post-83","page","type-page","status-publish","hentry"],"_links":{"self":[{"href":"https:\/\/cyberpoliticsconference.org\/index.php\/wp-json\/wp\/v2\/pages\/83","targetHints":{"allow":["GET"]}}],"collection":[{"href":"https:\/\/cyberpoliticsconference.org\/index.php\/wp-json\/wp\/v2\/pages"}],"about":[{"href":"https:\/\/cyberpoliticsconference.org\/index.php\/wp-json\/wp\/v2\/types\/page"}],"author":[{"embeddable":true,"href":"https:\/\/cyberpoliticsconference.org\/index.php\/wp-json\/wp\/v2\/users\/1"}],"replies":[{"embeddable":true,"href":"https:\/\/cyberpoliticsconference.org\/index.php\/wp-json\/wp\/v2\/comments?post=83"}],"version-history":[{"count":27,"href":"https:\/\/cyberpoliticsconference.org\/index.php\/wp-json\/wp\/v2\/pages\/83\/revisions"}],"predecessor-version":[{"id":1083,"href":"https:\/\/cyberpoliticsconference.org\/index.php\/wp-json\/wp\/v2\/pages\/83\/revisions\/1083"}],"wp:attachment":[{"href":"https:\/\/cyberpoliticsconference.org\/index.php\/wp-json\/wp\/v2\/media?parent=83"}],"curies":[{"name":"wp","href":"https:\/\/api.w.org\/{rel}","templated":true}]}}